{"id":9458,"date":"2026-03-09T16:59:58","date_gmt":"2026-03-09T13:59:58","guid":{"rendered":"https:\/\/semantico.com.br\/blog\/product\/curso-de-seo-semantico\/"},"modified":"2026-03-09T16:59:58","modified_gmt":"2026-03-09T13:59:58","slug":"curso-de-seo-semantico","status":"publish","type":"product","link":"https:\/\/semantico.com.br\/blog\/en\/produto\/curso-de-seo-semantico\/","title":{"rendered":"Curso de\u00a0SEO Sem\u00e2ntico"},"content":{"rendered":"<p>O primeiro e \u00fanico curso de SEO Sem\u00e2ntico que vai lhe dar um Workflow criado, testado e ampliado com a experi\u00eancia de dezenas de projetos executados nos \u00faltimos 10 anos. O Curso de SEO Sem\u00e2ntico da Sem\u00e2ntico SEO foi criado, projetado e executado por Alexander Rodrigues Silva com base no livro SEO Sem\u00e2ntico: Fluxo de trabalho sem\u00e2ntico.<\/p>\n","protected":false},"excerpt":{"rendered":"<p>O primeiro e \u00fanico curso de SEO Sem\u00e2ntico que vai lhe dar um Workflow criado, testado e ampliado com a experi\u00eancia de dezenas de projetos executados nos \u00faltimos 10 anos. O Curso de SEO Sem\u00e2ntico da Sem\u00e2ntico SEO foi criado, projetado e executado por Alexander Rodrigues Silva com base no livro SEO Sem\u00e2ntico: Fluxo de trabalho sem\u00e2ntico.<\/p>\n","protected":false},"featured_media":0,"comment_status":"open","ping_status":"closed","template":"","meta":{"wl_entities_gutenberg":"","episode_type":"","audio_file":"","podmotor_file_id":"","podmotor_episode_id":"","cover_image":"","cover_image_id":"","duration":"","filesize":"","filesize_raw":"","date_recorded":"","explicit":"","block":"","itunes_episode_number":"","itunes_title":"","itunes_season_number":"","itunes_episode_type":""},"wl_entity_type":[3018],"product_brand":[],"product_cat":[3378],"product_tag":[],"class_list":{"0":"post-9458","1":"product","2":"type-product","3":"status-publish","5":"wl_entity_type-product","6":"product_cat-uncategorized","7":"post","9":"first","10":"instock","11":"downloadable","12":"virtual","13":"purchasable","14":"product-type-simple"},"_wl_alt_label":["curso de SEO Sem\u00e2ntico"],"wl:entity_url":"http:\/\/data.wordlift.io\/wl0221\/product\/curso-de-seo-semantico","_links":{"self":[{"href":"https:\/\/semantico.com.br\/blog\/en\/wp-json\/wp\/v2\/product\/9458","targetHints":{"allow":["GET"]}}],"collection":[{"href":"https:\/\/semantico.com.br\/blog\/en\/wp-json\/wp\/v2\/product"}],"about":[{"href":"https:\/\/semantico.com.br\/blog\/en\/wp-json\/wp\/v2\/types\/product"}],"replies":[{"embeddable":true,"href":"https:\/\/semantico.com.br\/blog\/en\/wp-json\/wp\/v2\/comments?post=9458"}],"wp:attachment":[{"href":"https:\/\/semantico.com.br\/blog\/en\/wp-json\/wp\/v2\/media?parent=9458"}],"wp:term":[{"taxonomy":"wl_entity_type","embeddable":true,"href":"https:\/\/semantico.com.br\/blog\/en\/wp-json\/wp\/v2\/wl_entity_type?post=9458"},{"taxonomy":"product_brand","embeddable":true,"href":"https:\/\/semantico.com.br\/blog\/en\/wp-json\/wp\/v2\/product_brand?post=9458"},{"taxonomy":"product_cat","embeddable":true,"href":"https:\/\/semantico.com.br\/blog\/en\/wp-json\/wp\/v2\/product_cat?post=9458"},{"taxonomy":"product_tag","embeddable":true,"href":"https:\/\/semantico.com.br\/blog\/en\/wp-json\/wp\/v2\/product_tag?post=9458"}],"curies":[{"name":"wp","href":"https:\/\/api.w.org\/{rel}","templated":true}]}}