{"id":9871,"date":"2026-05-11T15:47:25","date_gmt":"2026-05-11T12:47:25","guid":{"rendered":"https:\/\/semantico.com.br\/blog\/?page_id=9871"},"modified":"2026-05-11T15:47:29","modified_gmt":"2026-05-11T12:47:29","slug":"podcasts-semanticos","status":"publish","type":"page","link":"https:\/\/semantico.com.br\/blog\/podcasts-semanticos\/","title":{"rendered":"Podcasts Sem\u00e2nticos"},"content":{"rendered":"\n<div class=\"wp-block-group alignfull is-content-justification-center\" style=\"margin-top:0;margin-bottom:0;padding-top:calc( 0.5 * var(--wp--style--root--padding-right, var(--wp--custom--gap--horizontal)));padding-right:var(--wp--style--root--padding-right, var(--wp--custom--gap--horizontal));padding-bottom:calc( 0.5 * var(--wp--style--root--padding-right, var(--wp--custom--gap--horizontal)));padding-left:var(--wp--style--root--padding-left, var(--wp--custom--gap--horizontal))\"><div class=\"wp-block-group__inner-container is-layout-constrained wp-container-core-group-is-layout-b073b61b wp-block-group-is-layout-constrained\">\n<div style=\"height:calc( 0.25 * var(--wp--style--root--padding-right, var(--wp--custom--gap--horizontal)))\" aria-hidden=\"true\" class=\"wp-block-spacer\"><\/div>\n\n\n\n<div class=\"wp-block-cover alignfull\" style=\"margin-top:0;margin-bottom:0;padding-top:3%;padding-right:0%;padding-bottom:10%;padding-left:5%;min-height:600px;aspect-ratio:unset;\"><img loading=\"lazy\" decoding=\"async\" width=\"1080\" height=\"675\" class=\"wp-block-cover__image-background wp-image-5962 size-full\" alt=\"\" src=\"https:\/\/semantico.com.br\/blog\/wp-content\/uploads\/2022\/01\/image-2-1080x675.png.webp\" data-object-fit=\"cover\" title=\"\" srcset=\"https:\/\/semantico.com.br\/blog\/wp-content\/uploads\/2022\/01\/image-2-1080x675.png.webp 1080w, https:\/\/semantico.com.br\/blog\/wp-content\/uploads\/2022\/01\/image-2-1080x675.png-600x375.webp 600w, https:\/\/semantico.com.br\/blog\/wp-content\/uploads\/2022\/01\/image-2-1080x675.png-768x480.webp 768w, https:\/\/semantico.com.br\/blog\/wp-content\/uploads\/2022\/01\/image-2-1080x675.png-400x250.webp 400w, https:\/\/semantico.com.br\/blog\/wp-content\/uploads\/2022\/01\/image-2-1080x675.png-980x613.webp 980w, https:\/\/semantico.com.br\/blog\/wp-content\/uploads\/2022\/01\/image-2-1080x675.png-480x300.webp 480w, https:\/\/semantico.com.br\/blog\/wp-content\/uploads\/2022\/01\/image-2-1080x675.png-150x94.webp 150w\" sizes=\"auto, (max-width: 1080px) 100vw, 1080px\" \/><span aria-hidden=\"true\" class=\"wp-block-cover__background has-background-dim\" style=\"background-color:#333132\"><\/span><div class=\"wp-block-cover__inner-container is-layout-flow wp-block-cover-is-layout-flow\">\n<h3 class=\"wp-block-heading\">Podcast SEO Sem\u00e2ntico<\/h3>\n\n\n\n<p class=\"has-white-color has-luminous-vivid-orange-background-color has-text-color has-background has-link-color has-medium-font-size wp-elements-ffe0b5eac465698985b88f5d4bbcddf5\">No podcast do Blog Sem\u00e2ntico, Alexander Rodrigues Silva, especialista em SEO Sem\u00e2ntico com mais de duas d\u00e9cadas de experi\u00eancia e forma\u00e7\u00e3o em Biblioteconomia, apresenta resumos dos seus artigos, criado com ajuda do NotebookLM do Google. Descubra como a IA potencializa insights sobre taxonomias, ontologias e a revolu\u00e7\u00e3o da busca, conectando o futuro do SEO \u00e0s Ci\u00eancias da Informa\u00e7\u00e3o. Uma vis\u00e3o aprofundada para otimizar a informa\u00e7\u00e3o na Web.<\/p>\n\n\n\n<div class=\"wp-block-buttons is-layout-flex wp-block-buttons-is-layout-flex\" style=\"margin-top:var(--wp--preset--spacing--30);margin-bottom:var(--wp--preset--spacing--30)\">\n<div class=\"wp-block-button is-style-outline is-style-outline--1\"><a class=\"wp-block-button__link has-luminous-vivid-amber-to-luminous-vivid-orange-gradient-background has-background wp-element-button\" href=\"https:\/\/semantico.com.br\/blog\/shop\/\">Escolha o seu epis\u00f3dio<\/a><\/div>\n<\/div>\n<\/div><\/div>\n\n\n\n<div style=\"height:calc( 0.25 * var(--wp--style--root--padding-right, var(--wp--custom--gap--horizontal)))\" aria-hidden=\"true\" class=\"wp-block-spacer\"><\/div>\n<\/div><\/div>\n\n\n\n<h2 data-wp-context---core-fit-text=\"core\/fit-text::{&quot;fontSize&quot;:&quot;&quot;}\" data-wp-init---core-fit-text=\"core\/fit-text::callbacks.init\" data-wp-interactive data-wp-style--font-size=\"core\/fit-text::context.fontSize\" class=\"wp-block-heading has-fit-text\">Escolha a sua l\u00edngua<\/h2>\n\n\n\n<div class=\"wp-block-group alignfull is-content-justification-center\" style=\"margin-top:0;margin-bottom:0;padding-top:calc( 0.5 * var(--wp--style--root--padding-right, var(--wp--custom--gap--horizontal)));padding-right:var(--wp--style--root--padding-right, var(--wp--custom--gap--horizontal));padding-bottom:calc( 0.5 * var(--wp--style--root--padding-right, var(--wp--custom--gap--horizontal)));padding-left:var(--wp--style--root--padding-left, var(--wp--custom--gap--horizontal))\"><div class=\"wp-block-group__inner-container is-layout-constrained wp-container-core-group-is-layout-b073b61b wp-block-group-is-layout-constrained\">\n<div style=\"height:calc( 0.25 * var(--wp--style--root--padding-right, var(--wp--custom--gap--horizontal)))\" aria-hidden=\"true\" class=\"wp-block-spacer\"><\/div>\n\n\n\n<div class=\"wp-block-columns alignwide is-layout-flex wp-container-core-columns-is-layout-fb320e7c wp-block-columns-is-layout-flex\" style=\"margin-top:0px;margin-bottom:0px;padding-top:0;padding-right:0;padding-bottom:0;padding-left:0\">\n<div class=\"wp-block-column is-layout-flow wp-block-column-is-layout-flow\">\n<div class=\"wp-block-cover has-custom-content-position is-position-bottom-center is-light has-white-color\" style=\"padding-bottom:56px\"><img decoding=\"async\" class=\"wp-block-cover__image-background wp-image-1\" alt=\"Imagem de espa\u00e7o reservado usada para representar produtos exibidos no banner das categorias em destaque. 1 em 3.\" src=\"https:\/\/semantico.com.br\/blog\/wp-content\/plugins\/woocommerce\/assets\/images\/pattern-placeholders\/tree-branch-plant-wood-leaf-flower.jpg\" data-object-fit=\"cover\" title=\"\"><span aria-hidden=\"true\" class=\"wp-block-cover__background has-black-background-color has-background-dim-30 has-background-dim\"><\/span><div class=\"wp-block-cover__inner-container is-layout-flow wp-block-cover-is-layout-flow\">\n<h4 class=\"wp-block-heading has-text-align-center\" style=\"margin-bottom:24px\">Portugu\u00eas<\/h4>\n\n\n\n<p class=\"has-text-align-center has-link-color wp-elements-b0baac1d93875a9d8718ae65034cff2b\" style=\"margin-top:0;margin-bottom:0;padding-top:0;padding-bottom:0\"><a href=\"https:\/\/semantico.com.br\/blog\/podcasts\/seo-semantico-podcast\/\" target=\"_blank\" data-type=\"link\" data-id=\"https:\/\/semantico.com.br\/blog\/shop\/\" rel=\"noreferrer noopener\">Acesse<\/a><\/p>\n<\/div><\/div>\n<\/div>\n\n\n\n<div class=\"wp-block-column is-layout-flow wp-block-column-is-layout-flow\">\n<div class=\"wp-block-cover has-custom-content-position is-position-bottom-center is-light has-white-color\" style=\"padding-bottom:56px\"><img decoding=\"async\" class=\"wp-block-cover__image-background wp-image-1\" alt=\"Imagem de espa\u00e7o reservado usada para representar produtos exibidos no banner das categorias em destaque. 2 de 3.\" src=\"https:\/\/semantico.com.br\/blog\/wp-content\/plugins\/woocommerce\/assets\/images\/pattern-placeholders\/watch-hand-brand-jewellery-strap-platinum.jpg\" data-object-fit=\"cover\" title=\"\"><span aria-hidden=\"true\" class=\"wp-block-cover__background has-black-background-color has-background-dim-30 has-background-dim\"><\/span><div class=\"wp-block-cover__inner-container is-layout-flow wp-block-cover-is-layout-flow\">\n<h4 class=\"wp-block-heading has-text-align-center\" style=\"margin-bottom:24px\">Espa\u00f1ol<\/h4>\n\n\n\n<p class=\"has-text-align-center has-link-color wp-elements-5b43d6750e538ffec063947aaf060082\" style=\"margin-top:0;margin-bottom:0;padding-top:0;padding-bottom:0\"><a href=\"https:\/\/semantico.com.br\/blog\/podcasts\/semantico-seo-podcast\/\" data-type=\"link\" data-id=\"https:\/\/semantico.com.br\/blog\/shop\/\">Acesse<\/a><\/p>\n<\/div><\/div>\n<\/div>\n\n\n\n<div class=\"wp-block-column is-layout-flow wp-block-column-is-layout-flow\">\n<div class=\"wp-block-cover has-custom-content-position is-position-bottom-center is-light has-white-color\" style=\"padding-bottom:56px\"><img decoding=\"async\" class=\"wp-block-cover__image-background wp-image-1\" alt=\"Imagem de espa\u00e7o reservado usada para representar produtos exibidos no banner das categorias em destaque. 3 de 3\" src=\"https:\/\/semantico.com.br\/blog\/wp-content\/plugins\/woocommerce\/assets\/images\/pattern-placeholders\/white-vase-decoration-pattern-ceramic-lamp.jpg\" data-object-fit=\"cover\" title=\"\"><span aria-hidden=\"true\" class=\"wp-block-cover__background has-black-background-color has-background-dim-30 has-background-dim\"><\/span><div class=\"wp-block-cover__inner-container is-layout-flow wp-block-cover-is-layout-flow\">\n<h4 class=\"wp-block-heading has-text-align-center\" style=\"margin-bottom:24px\">English<\/h4>\n\n\n\n<p class=\"has-text-align-center has-link-color wp-elements-fe8a53e7f024094048511d4daf1607b5\" style=\"margin-top:0;margin-bottom:0;padding-top:0;padding-bottom:0\"><a href=\"https:\/\/semantico.com.br\/blog\/podcasts\/semantic-seo-podcast\/\" target=\"_blank\" data-type=\"link\" data-id=\"https:\/\/semantico.com.br\/blog\/shop\/\" rel=\"noreferrer noopener\">Acesse<\/a><\/p>\n<\/div><\/div>\n<\/div>\n<\/div>\n\n\n\n<div style=\"height:calc( 0.25 * var(--wp--style--root--padding-right, var(--wp--custom--gap--horizontal)))\" aria-hidden=\"true\" class=\"wp-block-spacer\"><\/div>\n<\/div><\/div>\n\n\n\n<div class=\"wp-block-group alignfull has-background-color\" style=\"margin-top:0;margin-bottom:0;padding-top:var(--wp--preset--spacing--40);padding-right:var(--wp--preset--spacing--30);padding-bottom:var(--wp--preset--spacing--40);padding-left:var(--wp--preset--spacing--30)\"><div class=\"wp-block-group__inner-container is-layout-constrained wp-container-core-group-is-layout-91a691eb wp-block-group-is-layout-constrained\">\n<div class=\"wp-block-group alignwide is-content-justification-space-between is-layout-flex wp-container-core-group-is-layout-256aec57 wp-block-group-is-layout-flex\">\n<div class=\"wp-block-group is-layout-flex wp-block-group-is-layout-flex\"><h1 class=\"wp-block-site-title has-small-font-size\"><a href=\"https:\/\/semantico.com.br\/blog\" target=\"_self\" rel=\"home\">Blog Sem\u00e2ntico<\/a><\/h1><\/div>\n\n\n\n<p class=\"has-small-font-size\"> Proudly powered by <a rel=\"nofollow noopener\" href=\"https:\/\/wordpress.org\" target=\"_blank\">WordPress<\/a> <\/p>\n<\/div>\n<\/div><\/div>\n\n\n\n<p><\/p>\n","protected":false},"excerpt":{"rendered":"<p>Escolha a sua l\u00edngua Proudly powered by WordPress<\/p>\n","protected":false},"author":1,"featured_media":0,"parent":0,"menu_order":0,"comment_status":"closed","ping_status":"closed","template":"","meta":{"wl_entities_gutenberg":"","episode_type":"","audio_file":"","podmotor_file_id":"","podmotor_episode_id":"","cover_image":"","cover_image_id":"","duration":"","filesize":"","filesize_raw":"","date_recorded":"","explicit":"","block":"","itunes_episode_number":"","itunes_title":"","itunes_season_number":"","itunes_episode_type":"","footnotes":""},"wl_entity_type":[51,3108],"class_list":["post-9871","page","type-page","status-publish","hentry","wl_entity_type-article","wl_entity_type-podcast-series"],"_wl_alt_label":[],"wl:entity_url":"http:\/\/data.wordlift.io\/wl0221\/page\/-9871","_links":{"self":[{"href":"https:\/\/semantico.com.br\/blog\/wp-json\/wp\/v2\/pages\/9871","targetHints":{"allow":["GET"]}}],"collection":[{"href":"https:\/\/semantico.com.br\/blog\/wp-json\/wp\/v2\/pages"}],"about":[{"href":"https:\/\/semantico.com.br\/blog\/wp-json\/wp\/v2\/types\/page"}],"author":[{"embeddable":true,"href":"https:\/\/semantico.com.br\/blog\/wp-json\/wp\/v2\/users\/1"}],"replies":[{"embeddable":true,"href":"https:\/\/semantico.com.br\/blog\/wp-json\/wp\/v2\/comments?post=9871"}],"version-history":[{"count":3,"href":"https:\/\/semantico.com.br\/blog\/wp-json\/wp\/v2\/pages\/9871\/revisions"}],"predecessor-version":[{"id":9880,"href":"https:\/\/semantico.com.br\/blog\/wp-json\/wp\/v2\/pages\/9871\/revisions\/9880"}],"wp:attachment":[{"href":"https:\/\/semantico.com.br\/blog\/wp-json\/wp\/v2\/media?parent=9871"}],"wp:term":[{"taxonomy":"wl_entity_type","embeddable":true,"href":"https:\/\/semantico.com.br\/blog\/wp-json\/wp\/v2\/wl_entity_type?post=9871"}],"curies":[{"name":"wp","href":"https:\/\/api.w.org\/{rel}","templated":true}]}}